{"id":997,"date":"2020-10-04T13:03:11","date_gmt":"2020-10-04T13:03:11","guid":{"rendered":"https:\/\/acccyprus.com\/?page_id=997"},"modified":"2020-10-16T09:24:41","modified_gmt":"2020-10-16T09:24:41","slug":"bitcoin","status":"publish","type":"page","link":"https:\/\/acccyprus.com\/tr\/bitcoin","title":{"rendered":"Bitcoin"},"content":{"rendered":"<div class=\"container section-title-container\" ><h3 class=\"section-title section-title-normal\"><b><\/b><span class=\"section-title-main\" >Bitcoin<\/span><b><\/b><\/h3><\/div>\n<div class=\"row\"  id=\"row-2127642353\">\n\n\t<div id=\"col-270570090\" class=\"col medium-7 small-12 large-7\"  >\n\t\t<div class=\"col-inner\"  >\n\t\t\t\n\t\t\t\n<!-- Cryptocurrency Widgets PRO 2.9.1  !--><div id=\"ccpw-chart-376\" class=\"ccpw-container chart\"><div class=\"coin_details\" data-rest-url=\"https:\/\/acccyprus.com\/wp-json\/ccpw\/v1\/generate-chart\/\"><ul>\r\n\t\t\t\t<li><div class=\"ccpw_icon\"><img style=\"width:128px;\" id=\"bitcoin\" alt=\"bitcoin\" src=\"https:\/\/acccyprus.com\/wp-content\/plugins\/cryptocurrency-price-ticker-widget-pro\/assets\/coin-logos\/bitcoin.svg\"><\/div><\/li>\r\n\t\t\t\t<li><div class=\"ticker-name\"><strong>Bitcoin<br\/>(BTC)<\/strong><\/div>\r\n\t\t\t\t<\/li>\r\n\t\t\t\t<li class=\"c_info\"><strong>Price <\/strong> <div class=\"chart_coin_price CCP-bitcoin\"><span class=\"ticker-price\">&#36;74,921.00<\/span><\/div><\/li>\r\n\t\t\t\t<li  class=\"c_info\"><strong>Market Cap<\/strong> \r\n\t\t\t\t<div class=\"coin_market_cap\"><span class=\"CCMC\">&#36;1.5 T<\/span><\/div><\/li>\r\n\t\t\t\t<\/ul><\/div><div id=\"ccpw-default-chart-bitcoin\" class=\"ccpw-default-chart\"><\/div><div class=\"chart-wrp\"  id=\"CCPW-CHART-bitcoin\" style=\"width:100%; height:400px;\" ><div \r\n\t\t\tclass=\"ccpw-chart\" \r\n\t\t\tdata-no-formatting=\"'$'#,###.###\" \r\n\t\t\tdata-coin-period=\"365day\"\r\n\t\t\tdata-coin-id=\"bitcoin\"\r\n\t\t\tdata-chart-color=\"#f5c95e\"\r\n\t\t\tdata-from-lbl=\"From\"\r\n\t\t\tdata-zoom-lbl=\"Zoom\"\r\n\t\t\tdata-to-lbl=\"To\"\r\n\t\t\tdata-price-lbl=\"Price\"\r\n\t\t\tdata-volume-lbl=\"Volume\"\r\n\t\t\t data-1d=\"24H\" data-7d=\"7D\" data-1m=\"1M\" data-3m=\"3M\"\r\n            data-6m=\"6M\" data-1y=\"1Y\" data-coinid=\"bitcoin\"><\/div><img class=\"ccpw-preloader\" src=\"https:\/\/acccyprus.com\/wp-content\/plugins\/cryptocurrency-price-ticker-widget-pro\/images\/chart-loading.svg\"><span class=\"ccpw-no-data\"><\/span>\r\n\t\t\t<\/div><\/div><style type='text\/css'>\r\n\t\t\t  #ccpw-chart-376 .ccc-chart-header { background: #f5c95e}\r\n\t\t\t  #ccpw-chart-376 #ccc-chart-block .exportBtnTop,\r\n\t\t\t  #ccpw-chart-376 a.tabperiods.tabperiods_active,\r\n\t\t\t  #ccpw-chart-376 .coin_details {\r\n\t\t\t\t  color: #f5c95e;\r\n\t\t\t\t  background: rgba(245,201,94,0.15);\r\n\t\t\t  }\r\n\t\t\t  #ccpw-chart-376 .coin_details {\r\n\t\t\t\t  border: 1px solid rgba(245,201,94,0.16);\r\n\t\t\t  }\r\n\t\t\t  .ccpw-container_chart #ccpw-chart-376 .coin-container:after,\r\n\t\t\t  .ccpw-container_four #ccpw-chart-376 .coin-container:after {border-color:#ccc !Important;}\r\n\t\t  <\/style>\n<div class=\"message-box relative dark\" style=\"padding-top:15px;padding-bottom:15px;\"><div class=\"message-box-bg-image bg-fill fill\" style=\"background-image:url(#eeece7);\"><\/div><div class=\"message-box-bg-overlay bg-fill fill\" ><\/div><div class=\"container relative\"><div class=\"inner last-reset\"> Crypto currency information is taken from the crypto exchange. All Coin Cash cannot be held liable in any way for the direct and \/ or indirect damages, loss of profit, moral damages and damages that may be incurred by third parties for the errors and deficiencies in the resources used for the site and for the site and the use of the information on the site. <\/div><\/div><\/div>\n\t\t<\/div>\n\t\t\t<\/div>\n\n\t\n\n\t<div id=\"col-2119481600\" class=\"col medium-4 small-12 large-4\"  >\n\t\t<div class=\"col-inner\"  >\n\t\t\t\n\t\t\t\n<p><b>Yard\u0131ma m\u0131 ihtiyac\u0131n\u0131z var?<\/b><\/p>\n<p>A\u015fa\u011f\u0131daki formu doldurarak bize ula\u015fabilirsiniz.<\/p>\n<div role=\"form\" class=\"wpcf7\" id=\"wpcf7-f1111-o1\" lang=\"en-US\" dir=\"ltr\">\n<div class=\"screen-reader-response\"><p role=\"status\" aria-live=\"polite\" aria-atomic=\"true\"><\/p> <ul><\/ul><\/div>\n<form action=\"\/tr\/wp-json\/wp\/v2\/pages\/997#wpcf7-f1111-o1\" method=\"post\" class=\"wpcf7-form init\" novalidate=\"novalidate\" data-status=\"init\">\n<div style=\"display: none;\">\n<input type=\"hidden\" name=\"_wpcf7\" value=\"1111\" \/>\n<input type=\"hidden\" name=\"_wpcf7_version\" value=\"5.5.3\" \/>\n<input type=\"hidden\" name=\"_wpcf7_locale\" value=\"en_US\" \/>\n<input type=\"hidden\" name=\"_wpcf7_unit_tag\" value=\"wpcf7-f1111-o1\" \/>\n<input type=\"hidden\" name=\"_wpcf7_container_post\" value=\"0\" \/>\n<input type=\"hidden\" name=\"_wpcf7_posted_data_hash\" value=\"\" \/>\n<\/div>\n<div class=\"form-flat\">\n<span class=\"wpcf7-form-control-wrap your-name\"><input type=\"text\" name=\"your-name\" value=\"\" size=\"40\" class=\"wpcf7-form-control wpcf7-text\" aria-invalid=\"false\" placeholder=\"Ad\u0131n\u0131z\" \/><\/span><\/p>\n<p><span class=\"wpcf7-form-control-wrap number-735\"><input type=\"number\" name=\"number-735\" value=\"\" class=\"wpcf7-form-control wpcf7-number wpcf7-validates-as-number\" aria-invalid=\"false\" placeholder=\"Telefon No\" \/><\/span><\/p>\n<p><span class=\"wpcf7-form-control-wrap email-466\"><input type=\"email\" name=\"email-466\" value=\"\" size=\"40\" class=\"wpcf7-form-control wpcf7-text wpcf7-email wpcf7-validates-as-required wpcf7-validates-as-email\" aria-required=\"true\" aria-invalid=\"false\" placeholder=\"E-Posta Adresi\" \/><\/span><\/p>\n<p><span class=\"wpcf7-form-control-wrap your-message\"><textarea name=\"your-message\" cols=\"40\" rows=\"10\" class=\"wpcf7-form-control wpcf7-textarea\" aria-invalid=\"false\" placeholder=\"Eklemek \u0130stedikleriniz\"><\/textarea><\/span> <\/p>\n<p><input type=\"submit\" value=\"G\u00f6nder\" class=\"wpcf7-form-control has-spinner wpcf7-submit button\" \/>\n<\/p><\/div>\n<div class=\"wpcf7-response-output\" aria-hidden=\"true\"><\/div><\/form><\/div>\n\t\t<\/div>\n\t\t\t<\/div>\n\n\t\n<\/div>\n","protected":false},"excerpt":{"rendered":"","protected":false},"author":1,"featured_media":0,"parent":0,"menu_order":0,"comment_status":"closed","ping_status":"closed","template":"","meta":[],"yoast_head":"<!-- This site is optimized with the Yoast SEO plugin v17.8 - https:\/\/yoast.com\/wordpress\/plugins\/seo\/ -->\n<title>Bitcoin<\/title>\n<meta name=\"robots\" content=\"index, follow, max-snippet:-1, max-image-preview:large, max-video-preview:-1\" \/>\n<link rel=\"canonical\" href=\"https:\/\/acccyprus.com\/tr\/bitcoin\" \/>\n<meta property=\"og:locale\" content=\"tr_TR\" \/>\n<meta property=\"og:type\" content=\"article\" \/>\n<meta property=\"og:title\" content=\"Bitcoin\" \/>\n<meta property=\"og:url\" content=\"https:\/\/acccyprus.com\/tr\/bitcoin\" \/>\n<meta property=\"og:site_name\" content=\"All Coin Cash Cyprus\" \/>\n<meta property=\"article:modified_time\" content=\"2020-10-16T09:24:41+00:00\" \/>\n<meta name=\"twitter:card\" content=\"summary_large_image\" \/>\n<meta name=\"twitter:label1\" content=\"Tahmini okuma s\u00fcresi\" \/>\n\t<meta name=\"twitter:data1\" content=\"1 dakika\" \/>\n<script type=\"application\/ld+json\" class=\"yoast-schema-graph\">{\"@context\":\"https:\/\/schema.org\",\"@graph\":[{\"@type\":\"Organization\",\"@id\":\"https:\/\/acccyprus.com\/#organization\",\"name\":\"All Coin Cash\",\"url\":\"https:\/\/acccyprus.com\/\",\"sameAs\":[],\"logo\":{\"@type\":\"ImageObject\",\"@id\":\"https:\/\/acccyprus.com\/#logo\",\"inLanguage\":\"tr\",\"url\":\"https:\/\/acccyprus.com\/wp-content\/uploads\/2020\/09\/allcoincash.png\",\"contentUrl\":\"https:\/\/acccyprus.com\/wp-content\/uploads\/2020\/09\/allcoincash.png\",\"width\":960,\"height\":960,\"caption\":\"All Coin Cash\"},\"image\":{\"@id\":\"https:\/\/acccyprus.com\/#logo\"}},{\"@type\":\"WebSite\",\"@id\":\"https:\/\/acccyprus.com\/#website\",\"url\":\"https:\/\/acccyprus.com\/\",\"name\":\"All Coin Cash Cyprus\",\"description\":\"Just another WordPress site\",\"publisher\":{\"@id\":\"https:\/\/acccyprus.com\/#organization\"},\"potentialAction\":[{\"@type\":\"SearchAction\",\"target\":{\"@type\":\"EntryPoint\",\"urlTemplate\":\"https:\/\/acccyprus.com\/?s={search_term_string}\"},\"query-input\":\"required name=search_term_string\"}],\"inLanguage\":\"tr\"},{\"@type\":\"WebPage\",\"@id\":\"https:\/\/acccyprus.com\/tr\/bitcoin#webpage\",\"url\":\"https:\/\/acccyprus.com\/tr\/bitcoin\",\"name\":\"Bitcoin\",\"isPartOf\":{\"@id\":\"https:\/\/acccyprus.com\/#website\"},\"datePublished\":\"2020-10-04T13:03:11+00:00\",\"dateModified\":\"2020-10-16T09:24:41+00:00\",\"breadcrumb\":{\"@id\":\"https:\/\/acccyprus.com\/tr\/bitcoin#breadcrumb\"},\"inLanguage\":\"tr\",\"potentialAction\":[{\"@type\":\"ReadAction\",\"target\":[\"https:\/\/acccyprus.com\/tr\/bitcoin\"]}]},{\"@type\":\"BreadcrumbList\",\"@id\":\"https:\/\/acccyprus.com\/tr\/bitcoin#breadcrumb\",\"itemListElement\":[{\"@type\":\"ListItem\",\"position\":1,\"name\":\"Home\",\"item\":\"https:\/\/acccyprus.com\/tr\"},{\"@type\":\"ListItem\",\"position\":2,\"name\":\"Bitcoin\"}]}]}<\/script>\n<!-- \/ Yoast SEO plugin. -->","yoast_head_json":{"title":"Bitcoin","robots":{"index":"index","follow":"follow","max-snippet":"max-snippet:-1","max-image-preview":"max-image-preview:large","max-video-preview":"max-video-preview:-1"},"canonical":"https:\/\/acccyprus.com\/tr\/bitcoin","og_locale":"tr_TR","og_type":"article","og_title":"Bitcoin","og_url":"https:\/\/acccyprus.com\/tr\/bitcoin","og_site_name":"All Coin Cash Cyprus","article_modified_time":"2020-10-16T09:24:41+00:00","twitter_card":"summary_large_image","twitter_misc":{"Tahmini okuma s\u00fcresi":"1 dakika"},"schema":{"@context":"https:\/\/schema.org","@graph":[{"@type":"Organization","@id":"https:\/\/acccyprus.com\/#organization","name":"All Coin Cash","url":"https:\/\/acccyprus.com\/","sameAs":[],"logo":{"@type":"ImageObject","@id":"https:\/\/acccyprus.com\/#logo","inLanguage":"tr","url":"https:\/\/acccyprus.com\/wp-content\/uploads\/2020\/09\/allcoincash.png","contentUrl":"https:\/\/acccyprus.com\/wp-content\/uploads\/2020\/09\/allcoincash.png","width":960,"height":960,"caption":"All Coin Cash"},"image":{"@id":"https:\/\/acccyprus.com\/#logo"}},{"@type":"WebSite","@id":"https:\/\/acccyprus.com\/#website","url":"https:\/\/acccyprus.com\/","name":"All Coin Cash Cyprus","description":"Just another WordPress site","publisher":{"@id":"https:\/\/acccyprus.com\/#organization"},"potentialAction":[{"@type":"SearchAction","target":{"@type":"EntryPoint","urlTemplate":"https:\/\/acccyprus.com\/?s={search_term_string}"},"query-input":"required name=search_term_string"}],"inLanguage":"tr"},{"@type":"WebPage","@id":"https:\/\/acccyprus.com\/tr\/bitcoin#webpage","url":"https:\/\/acccyprus.com\/tr\/bitcoin","name":"Bitcoin","isPartOf":{"@id":"https:\/\/acccyprus.com\/#website"},"datePublished":"2020-10-04T13:03:11+00:00","dateModified":"2020-10-16T09:24:41+00:00","breadcrumb":{"@id":"https:\/\/acccyprus.com\/tr\/bitcoin#breadcrumb"},"inLanguage":"tr","potentialAction":[{"@type":"ReadAction","target":["https:\/\/acccyprus.com\/tr\/bitcoin"]}]},{"@type":"BreadcrumbList","@id":"https:\/\/acccyprus.com\/tr\/bitcoin#breadcrumb","itemListElement":[{"@type":"ListItem","position":1,"name":"Home","item":"https:\/\/acccyprus.com\/tr"},{"@type":"ListItem","position":2,"name":"Bitcoin"}]}]}},"_links":{"self":[{"href":"https:\/\/acccyprus.com\/tr\/wp-json\/wp\/v2\/pages\/997"}],"collection":[{"href":"https:\/\/acccyprus.com\/tr\/wp-json\/wp\/v2\/pages"}],"about":[{"href":"https:\/\/acccyprus.com\/tr\/wp-json\/wp\/v2\/types\/page"}],"author":[{"embeddable":true,"href":"https:\/\/acccyprus.com\/tr\/wp-json\/wp\/v2\/users\/1"}],"replies":[{"embeddable":true,"href":"https:\/\/acccyprus.com\/tr\/wp-json\/wp\/v2\/comments?post=997"}],"version-history":[{"count":0,"href":"https:\/\/acccyprus.com\/tr\/wp-json\/wp\/v2\/pages\/997\/revisions"}],"wp:attachment":[{"href":"https:\/\/acccyprus.com\/tr\/wp-json\/wp\/v2\/media?parent=997"}],"curies":[{"name":"wp","href":"https:\/\/api.w.org\/{rel}","templated":true}]}}