{"id":649,"date":"2020-09-28T13:34:10","date_gmt":"2020-09-28T13:34:10","guid":{"rendered":"https:\/\/acccyprus.com\/?page_id=649"},"modified":"2020-10-05T18:08:16","modified_gmt":"2020-10-05T18:08:16","slug":"exchange","status":"publish","type":"page","link":"https:\/\/acccyprus.com\/tr\/exchange","title":{"rendered":"Exchange"},"content":{"rendered":"<div class=\"container section-title-container\" ><h3 class=\"section-title section-title-normal\"><b><\/b><span class=\"section-title-main\" >Exchange<\/span><b><\/b><\/h3><\/div>\n<div class=\"row\"  id=\"row-2016785727\">\n\n\t<div id=\"col-1053810017\" class=\"col small-12 large-12\"  >\n\t\t<div class=\"col-inner\"  >\n\t\t\t\n\t\t\t\n<p>\u00d6deme adreslerimiz a\u015fa\u011f\u0131daki gibidir. L\u00fctfen her \u00f6demeden \u00f6nce adreslerimizi kontrol etmeyi unutmay\u0131n\u0131z. Aksi takdirde All Coin Cash herhangi bir sorumluluk kabul etmez.<\/p>\n\t\t<\/div>\n\t\t\t<\/div>\n\n\t\n<\/div>\n<div class=\"row\"  id=\"row-1824896916\">\n\n\t<div id=\"col-148383570\" class=\"col medium-7 small-12 large-7\"  >\n\t\t<div class=\"col-inner\"  >\n\t\t\t\n\t\t\t\n\t<div class=\"img has-hover x md-x lg-x y md-y lg-y\" id=\"image_1576129050\">\n\t\t\t\t\t\t\t\t<div class=\"img-inner dark\" >\n\t\t\t\t\t\t\t\t\t\n\t\t\t\t\t<\/div>\n\t\t\t\t\t\t\t\t\n<style>\n#image_1576129050 {\n  width: 100%;\n}\n<\/style>\n\t<\/div>\n\t\n<div class=\"row\"  id=\"row-1257914563\">\n\n\t<div id=\"col-880983033\" class=\"col medium-4 small-12 large-4\"  >\n\t\t<div class=\"col-inner\"  >\n\t\t\t\n\t\t\t\n<!-- START Kaya QR Code Generator --><div class=\"wpkqcg_qrcode_wrapper\"><input type=\"hidden\" id=\"wpkqcg_qrcode_outputimg_2769fc9ff97816c6_ecclevel\" value=\"H\" \/><input type=\"hidden\" id=\"wpkqcg_qrcode_outputimg_2769fc9ff97816c6_size\" value=\"\" \/><input type=\"hidden\" id=\"wpkqcg_qrcode_outputimg_2769fc9ff97816c6_color\" value=\"\" \/><input type=\"hidden\" id=\"wpkqcg_qrcode_outputimg_2769fc9ff97816c6_bgcolor\" value=\"#f2a900\" \/><input type=\"hidden\" id=\"wpkqcg_qrcode_outputimg_2769fc9ff97816c6_content\" value=\"3CbB6ntJ3mNLkpFSHaTYpYZe3qP1zjjNNV\" \/><img src=\"\" id=\"wpkqcg_qrcode_outputimg_2769fc9ff97816c6\" alt=\"QR Code\" class=\"wpkqcg_qrcode\" style=\"width: auto; height: auto; max-width: 100%; clear: both; display: block; margin-left: auto; margin-right: auto;\" ><div style=\"clear: both;\"><\/div><\/div><!-- END Kaya QR Code Generator -->\r\n\n\t\t<\/div>\n\t\t\t<\/div>\n\n\t\n\n\t<div id=\"col-2015153748\" class=\"col medium-8 small-12 large-8\"  >\n\t\t<div class=\"col-inner\"  >\n\t\t\t\n\t\t\t\n<p><b>BITCOIN ADRES\u0130M\u0130Z<\/b><\/p>\n<div style=\"margin-bottom:2px; padding:5px; background: #f2f1ee; font: bold 12px\/30px Arial, serif; color: #000000;\" id=\"select_txt\">\n3CbB6ntJ3mNLkpFSHaTYpYZe3qP1zjjNNV\n<\/div>\n<p><button class=\"button primary is-shade is-small lowercase\" type=\"button\" onclick=\"copy_data(select_txt)\">Adresi Kopyala<\/button><\/p>\n\t\t<\/div>\n\t\t\t<\/div>\n\n\t\n<\/div>\n<div class=\"is-divider divider clearfix\" ><\/div>\n\t\t<\/div>\n\t\t\t<\/div>\n\n\t\n\n\t<div id=\"col-1985299365\" class=\"col medium-4 small-12 large-4\"  >\n\t\t<div class=\"col-inner\"  >\n\t\t\t\n\t\t\t\n<p><b>\u00d6deme Bildirimi<\/b><\/p>\n<p>\u00d6deme bildirimleriniz i\u00e7in a\u015fa\u011f\u0131daki formu kullanabilirsiniz.<\/p>\n<div role=\"form\" class=\"wpcf7\" id=\"wpcf7-f1038-o1\" lang=\"en-US\" dir=\"ltr\">\n<div class=\"screen-reader-response\"><p role=\"status\" aria-live=\"polite\" aria-atomic=\"true\"><\/p> <ul><\/ul><\/div>\n<form action=\"\/tr\/wp-json\/wp\/v2\/pages\/649#wpcf7-f1038-o1\" method=\"post\" class=\"wpcf7-form init\" novalidate=\"novalidate\" data-status=\"init\">\n<div style=\"display: none;\">\n<input type=\"hidden\" name=\"_wpcf7\" value=\"1038\" \/>\n<input type=\"hidden\" name=\"_wpcf7_version\" value=\"5.5.3\" \/>\n<input type=\"hidden\" name=\"_wpcf7_locale\" value=\"en_US\" \/>\n<input type=\"hidden\" name=\"_wpcf7_unit_tag\" value=\"wpcf7-f1038-o1\" \/>\n<input type=\"hidden\" name=\"_wpcf7_container_post\" value=\"0\" \/>\n<input type=\"hidden\" name=\"_wpcf7_posted_data_hash\" value=\"\" \/>\n<\/div>\n<div class=\"form-flat\">\n<span class=\"wpcf7-form-control-wrap your-name\"><input type=\"text\" name=\"your-name\" value=\"\" size=\"40\" class=\"wpcf7-form-control wpcf7-text\" aria-invalid=\"false\" placeholder=\"Kullan\u0131c\u0131 ad\u0131 &amp; Referans No\" \/><\/span><\/p>\n<p><span class=\"wpcf7-form-control-wrap text-664\"><input type=\"text\" name=\"text-664\" value=\"\" size=\"40\" class=\"wpcf7-form-control wpcf7-text wpcf7-validates-as-required\" aria-required=\"true\" aria-invalid=\"false\" placeholder=\"Koin Ad\u0131\" \/><\/span><\/p>\n<p><span class=\"wpcf7-form-control-wrap number-735\"><input type=\"number\" name=\"number-735\" value=\"\" class=\"wpcf7-form-control wpcf7-number wpcf7-validates-as-required wpcf7-validates-as-number\" aria-required=\"true\" aria-invalid=\"false\" placeholder=\"G\u00f6nderilen Miktar\" \/><\/span><\/p>\n<p><span class=\"wpcf7-form-control-wrap your-message\"><textarea name=\"your-message\" cols=\"40\" rows=\"10\" class=\"wpcf7-form-control wpcf7-textarea\" aria-invalid=\"false\" placeholder=\"Mesaj\u0131n\u0131z\"><\/textarea><\/span> <\/p>\n<p><input type=\"submit\" value=\"G\u00f6nder\" class=\"wpcf7-form-control has-spinner wpcf7-submit button\" \/>\n<\/p><\/div>\n<div class=\"wpcf7-response-output\" aria-hidden=\"true\"><\/div><\/form><\/div>\n\t\t<\/div>\n\t\t\t<\/div>\n\n\t\n<\/div>\n","protected":false},"excerpt":{"rendered":"","protected":false},"author":1,"featured_media":0,"parent":0,"menu_order":0,"comment_status":"closed","ping_status":"closed","template":"","meta":[],"yoast_head":"<!-- This site is optimized with the Yoast SEO plugin v17.8 - https:\/\/yoast.com\/wordpress\/plugins\/seo\/ -->\n<title>Exchange<\/title>\n<meta name=\"robots\" content=\"index, follow, max-snippet:-1, max-image-preview:large, max-video-preview:-1\" \/>\n<link rel=\"canonical\" href=\"https:\/\/acccyprus.com\/tr\/exchange\" \/>\n<meta property=\"og:locale\" content=\"tr_TR\" \/>\n<meta property=\"og:type\" content=\"article\" \/>\n<meta property=\"og:title\" content=\"Exchange\" \/>\n<meta property=\"og:url\" content=\"https:\/\/acccyprus.com\/tr\/exchange\" \/>\n<meta property=\"og:site_name\" content=\"All Coin Cash Cyprus\" \/>\n<meta property=\"article:modified_time\" content=\"2020-10-05T18:08:16+00:00\" \/>\n<meta name=\"twitter:card\" content=\"summary_large_image\" \/>\n<meta name=\"twitter:label1\" content=\"Tahmini okuma s\u00fcresi\" \/>\n\t<meta name=\"twitter:data1\" content=\"1 dakika\" \/>\n<script type=\"application\/ld+json\" class=\"yoast-schema-graph\">{\"@context\":\"https:\/\/schema.org\",\"@graph\":[{\"@type\":\"Organization\",\"@id\":\"https:\/\/acccyprus.com\/#organization\",\"name\":\"All Coin Cash\",\"url\":\"https:\/\/acccyprus.com\/\",\"sameAs\":[],\"logo\":{\"@type\":\"ImageObject\",\"@id\":\"https:\/\/acccyprus.com\/#logo\",\"inLanguage\":\"tr\",\"url\":\"https:\/\/acccyprus.com\/wp-content\/uploads\/2020\/09\/allcoincash.png\",\"contentUrl\":\"https:\/\/acccyprus.com\/wp-content\/uploads\/2020\/09\/allcoincash.png\",\"width\":960,\"height\":960,\"caption\":\"All Coin Cash\"},\"image\":{\"@id\":\"https:\/\/acccyprus.com\/#logo\"}},{\"@type\":\"WebSite\",\"@id\":\"https:\/\/acccyprus.com\/#website\",\"url\":\"https:\/\/acccyprus.com\/\",\"name\":\"All Coin Cash Cyprus\",\"description\":\"Just another WordPress site\",\"publisher\":{\"@id\":\"https:\/\/acccyprus.com\/#organization\"},\"potentialAction\":[{\"@type\":\"SearchAction\",\"target\":{\"@type\":\"EntryPoint\",\"urlTemplate\":\"https:\/\/acccyprus.com\/?s={search_term_string}\"},\"query-input\":\"required name=search_term_string\"}],\"inLanguage\":\"tr\"},{\"@type\":\"WebPage\",\"@id\":\"https:\/\/acccyprus.com\/tr\/exchange#webpage\",\"url\":\"https:\/\/acccyprus.com\/tr\/exchange\",\"name\":\"Exchange\",\"isPartOf\":{\"@id\":\"https:\/\/acccyprus.com\/#website\"},\"datePublished\":\"2020-09-28T13:34:10+00:00\",\"dateModified\":\"2020-10-05T18:08:16+00:00\",\"breadcrumb\":{\"@id\":\"https:\/\/acccyprus.com\/tr\/exchange#breadcrumb\"},\"inLanguage\":\"tr\",\"potentialAction\":[{\"@type\":\"ReadAction\",\"target\":[\"https:\/\/acccyprus.com\/tr\/exchange\"]}]},{\"@type\":\"BreadcrumbList\",\"@id\":\"https:\/\/acccyprus.com\/tr\/exchange#breadcrumb\",\"itemListElement\":[{\"@type\":\"ListItem\",\"position\":1,\"name\":\"Home\",\"item\":\"https:\/\/acccyprus.com\/tr\"},{\"@type\":\"ListItem\",\"position\":2,\"name\":\"Exchange\"}]}]}<\/script>\n<!-- \/ Yoast SEO plugin. -->","yoast_head_json":{"title":"Exchange","robots":{"index":"index","follow":"follow","max-snippet":"max-snippet:-1","max-image-preview":"max-image-preview:large","max-video-preview":"max-video-preview:-1"},"canonical":"https:\/\/acccyprus.com\/tr\/exchange","og_locale":"tr_TR","og_type":"article","og_title":"Exchange","og_url":"https:\/\/acccyprus.com\/tr\/exchange","og_site_name":"All Coin Cash Cyprus","article_modified_time":"2020-10-05T18:08:16+00:00","twitter_card":"summary_large_image","twitter_misc":{"Tahmini okuma s\u00fcresi":"1 dakika"},"schema":{"@context":"https:\/\/schema.org","@graph":[{"@type":"Organization","@id":"https:\/\/acccyprus.com\/#organization","name":"All Coin Cash","url":"https:\/\/acccyprus.com\/","sameAs":[],"logo":{"@type":"ImageObject","@id":"https:\/\/acccyprus.com\/#logo","inLanguage":"tr","url":"https:\/\/acccyprus.com\/wp-content\/uploads\/2020\/09\/allcoincash.png","contentUrl":"https:\/\/acccyprus.com\/wp-content\/uploads\/2020\/09\/allcoincash.png","width":960,"height":960,"caption":"All Coin Cash"},"image":{"@id":"https:\/\/acccyprus.com\/#logo"}},{"@type":"WebSite","@id":"https:\/\/acccyprus.com\/#website","url":"https:\/\/acccyprus.com\/","name":"All Coin Cash Cyprus","description":"Just another WordPress site","publisher":{"@id":"https:\/\/acccyprus.com\/#organization"},"potentialAction":[{"@type":"SearchAction","target":{"@type":"EntryPoint","urlTemplate":"https:\/\/acccyprus.com\/?s={search_term_string}"},"query-input":"required name=search_term_string"}],"inLanguage":"tr"},{"@type":"WebPage","@id":"https:\/\/acccyprus.com\/tr\/exchange#webpage","url":"https:\/\/acccyprus.com\/tr\/exchange","name":"Exchange","isPartOf":{"@id":"https:\/\/acccyprus.com\/#website"},"datePublished":"2020-09-28T13:34:10+00:00","dateModified":"2020-10-05T18:08:16+00:00","breadcrumb":{"@id":"https:\/\/acccyprus.com\/tr\/exchange#breadcrumb"},"inLanguage":"tr","potentialAction":[{"@type":"ReadAction","target":["https:\/\/acccyprus.com\/tr\/exchange"]}]},{"@type":"BreadcrumbList","@id":"https:\/\/acccyprus.com\/tr\/exchange#breadcrumb","itemListElement":[{"@type":"ListItem","position":1,"name":"Home","item":"https:\/\/acccyprus.com\/tr"},{"@type":"ListItem","position":2,"name":"Exchange"}]}]}},"_links":{"self":[{"href":"https:\/\/acccyprus.com\/tr\/wp-json\/wp\/v2\/pages\/649"}],"collection":[{"href":"https:\/\/acccyprus.com\/tr\/wp-json\/wp\/v2\/pages"}],"about":[{"href":"https:\/\/acccyprus.com\/tr\/wp-json\/wp\/v2\/types\/page"}],"author":[{"embeddable":true,"href":"https:\/\/acccyprus.com\/tr\/wp-json\/wp\/v2\/users\/1"}],"replies":[{"embeddable":true,"href":"https:\/\/acccyprus.com\/tr\/wp-json\/wp\/v2\/comments?post=649"}],"version-history":[{"count":0,"href":"https:\/\/acccyprus.com\/tr\/wp-json\/wp\/v2\/pages\/649\/revisions"}],"wp:attachment":[{"href":"https:\/\/acccyprus.com\/tr\/wp-json\/wp\/v2\/media?parent=649"}],"curies":[{"name":"wp","href":"https:\/\/api.w.org\/{rel}","templated":true}]}}