{"id":605,"date":"2020-09-28T09:46:18","date_gmt":"2020-09-28T09:46:18","guid":{"rendered":"https:\/\/acccyprus.com\/?page_id=605"},"modified":"2020-10-16T09:27:10","modified_gmt":"2020-10-16T09:27:10","slug":"hakkimizda","status":"publish","type":"page","link":"https:\/\/acccyprus.com\/tr\/hakkimizda","title":{"rendered":"Hakk\u0131m\u0131zda"},"content":{"rendered":"<div class=\"container section-title-container\" ><h3 class=\"section-title section-title-normal\"><b><\/b><span class=\"section-title-main\" >Hakk\u0131m\u0131zda<\/span><b><\/b><\/h3><\/div>\n<div class=\"row\"  id=\"row-509906960\">\n\n\t<div id=\"col-338002994\" class=\"col medium-7 small-12 large-7\"  >\n\t\t<div class=\"col-inner\"  >\n\t\t\t\n\t\t\t\n\t<div class=\"img has-hover x md-x lg-x y md-y lg-y\" id=\"image_652055100\">\n\t\t\t\t\t\t\t\t<div class=\"img-inner dark\" >\n\t\t\t<img width=\"1020\" height=\"567\" src=\"https:\/\/acccyprus.com\/wp-content\/uploads\/2020\/10\/all-coin-cash-01.jpg\" class=\"attachment-large size-large\" alt=\"\" loading=\"lazy\" srcset=\"https:\/\/acccyprus.com\/wp-content\/uploads\/2020\/10\/all-coin-cash-01.jpg 1170w, https:\/\/acccyprus.com\/wp-content\/uploads\/2020\/10\/all-coin-cash-01-720x400.jpg 720w, https:\/\/acccyprus.com\/wp-content\/uploads\/2020\/10\/all-coin-cash-01-768x427.jpg 768w, https:\/\/acccyprus.com\/wp-content\/uploads\/2020\/10\/all-coin-cash-01-600x333.jpg 600w\" sizes=\"(max-width: 1020px) 100vw, 1020px\" \/>\t\t\t\t\t\t\n\t\t\t\t\t<\/div>\n\t\t\t\t\t\t\t\t\n<style>\n#image_652055100 {\n  width: 100%;\n}\n<\/style>\n\t<\/div>\n\t\n\t<div class=\"img has-hover x md-x lg-x y md-y lg-y\" id=\"image_1923273246\">\n\t\t\t\t\t\t\t\t<div class=\"img-inner dark\" >\n\t\t\t\t\t\t\t\t\t\n\t\t\t\t\t<\/div>\n\t\t\t\t\t\t\t\t\n<style>\n#image_1923273246 {\n  width: 100%;\n}\n<\/style>\n\t<\/div>\n\t\n<p>Rekabet\u00e7i komisyon oranlar\u0131 ile bir\u00e7ok kripto para birimini kolayca sat\u0131n alabilece\u011finiz veya satabilece\u011finiz Kripto para borsas\u0131 Allcoincash hizmetinizde.<\/p>\n\t\t<\/div>\n\t\t\t<\/div>\n\n\t\n\n\t<div id=\"col-449725801\" class=\"col medium-4 small-12 large-4\"  >\n\t\t<div class=\"col-inner\"  >\n\t\t\t\n\t\t\t\n<p><b>Yard\u0131ma m\u0131 ihtiyac\u0131n\u0131z var?<\/b><\/p>\n<p>A\u015fa\u011f\u0131daki formu doldurarak bize ula\u015fabilirsiniz.<\/p>\n<div role=\"form\" class=\"wpcf7\" id=\"wpcf7-f1111-o1\" lang=\"en-US\" dir=\"ltr\">\n<div class=\"screen-reader-response\"><p role=\"status\" aria-live=\"polite\" aria-atomic=\"true\"><\/p> <ul><\/ul><\/div>\n<form action=\"\/tr\/wp-json\/wp\/v2\/pages\/605#wpcf7-f1111-o1\" method=\"post\" class=\"wpcf7-form init\" novalidate=\"novalidate\" data-status=\"init\">\n<div style=\"display: none;\">\n<input type=\"hidden\" name=\"_wpcf7\" value=\"1111\" \/>\n<input type=\"hidden\" name=\"_wpcf7_version\" value=\"5.5.3\" \/>\n<input type=\"hidden\" name=\"_wpcf7_locale\" value=\"en_US\" \/>\n<input type=\"hidden\" name=\"_wpcf7_unit_tag\" value=\"wpcf7-f1111-o1\" \/>\n<input type=\"hidden\" name=\"_wpcf7_container_post\" value=\"0\" \/>\n<input type=\"hidden\" name=\"_wpcf7_posted_data_hash\" value=\"\" \/>\n<\/div>\n<div class=\"form-flat\">\n<span class=\"wpcf7-form-control-wrap your-name\"><input type=\"text\" name=\"your-name\" value=\"\" size=\"40\" class=\"wpcf7-form-control wpcf7-text\" aria-invalid=\"false\" placeholder=\"Ad\u0131n\u0131z\" \/><\/span><\/p>\n<p><span class=\"wpcf7-form-control-wrap number-735\"><input type=\"number\" name=\"number-735\" value=\"\" class=\"wpcf7-form-control wpcf7-number wpcf7-validates-as-number\" aria-invalid=\"false\" placeholder=\"Telefon No\" \/><\/span><\/p>\n<p><span class=\"wpcf7-form-control-wrap email-466\"><input type=\"email\" name=\"email-466\" value=\"\" size=\"40\" class=\"wpcf7-form-control wpcf7-text wpcf7-email wpcf7-validates-as-required wpcf7-validates-as-email\" aria-required=\"true\" aria-invalid=\"false\" placeholder=\"E-Posta Adresi\" \/><\/span><\/p>\n<p><span class=\"wpcf7-form-control-wrap your-message\"><textarea name=\"your-message\" cols=\"40\" rows=\"10\" class=\"wpcf7-form-control wpcf7-textarea\" aria-invalid=\"false\" placeholder=\"Eklemek \u0130stedikleriniz\"><\/textarea><\/span> <\/p>\n<p><input type=\"submit\" value=\"G\u00f6nder\" class=\"wpcf7-form-control has-spinner wpcf7-submit button\" \/>\n<\/p><\/div>\n<div class=\"wpcf7-response-output\" aria-hidden=\"true\"><\/div><\/form><\/div>\n\t\t<\/div>\n\t\t\t<\/div>\n\n\t\n<\/div>\n","protected":false},"excerpt":{"rendered":"","protected":false},"author":1,"featured_media":0,"parent":0,"menu_order":0,"comment_status":"closed","ping_status":"closed","template":"","meta":[],"yoast_head":"<!-- This site is optimized with the Yoast SEO plugin v17.8 - https:\/\/yoast.com\/wordpress\/plugins\/seo\/ -->\n<title>Hakk\u0131m\u0131zda<\/title>\n<meta name=\"robots\" content=\"index, follow, max-snippet:-1, max-image-preview:large, max-video-preview:-1\" \/>\n<link rel=\"canonical\" href=\"https:\/\/acccyprus.com\/tr\/hakkimizda\" \/>\n<meta property=\"og:locale\" content=\"tr_TR\" \/>\n<meta property=\"og:type\" content=\"article\" \/>\n<meta property=\"og:title\" content=\"Hakk\u0131m\u0131zda\" \/>\n<meta property=\"og:url\" content=\"https:\/\/acccyprus.com\/tr\/hakkimizda\" \/>\n<meta property=\"og:site_name\" content=\"All Coin Cash Cyprus\" \/>\n<meta property=\"article:modified_time\" content=\"2020-10-16T09:27:10+00:00\" \/>\n<meta name=\"twitter:card\" content=\"summary_large_image\" \/>\n<script type=\"application\/ld+json\" class=\"yoast-schema-graph\">{\"@context\":\"https:\/\/schema.org\",\"@graph\":[{\"@type\":\"Organization\",\"@id\":\"https:\/\/acccyprus.com\/#organization\",\"name\":\"All Coin Cash\",\"url\":\"https:\/\/acccyprus.com\/\",\"sameAs\":[],\"logo\":{\"@type\":\"ImageObject\",\"@id\":\"https:\/\/acccyprus.com\/#logo\",\"inLanguage\":\"tr\",\"url\":\"https:\/\/acccyprus.com\/wp-content\/uploads\/2020\/09\/allcoincash.png\",\"contentUrl\":\"https:\/\/acccyprus.com\/wp-content\/uploads\/2020\/09\/allcoincash.png\",\"width\":960,\"height\":960,\"caption\":\"All Coin Cash\"},\"image\":{\"@id\":\"https:\/\/acccyprus.com\/#logo\"}},{\"@type\":\"WebSite\",\"@id\":\"https:\/\/acccyprus.com\/#website\",\"url\":\"https:\/\/acccyprus.com\/\",\"name\":\"All Coin Cash Cyprus\",\"description\":\"Just another WordPress site\",\"publisher\":{\"@id\":\"https:\/\/acccyprus.com\/#organization\"},\"potentialAction\":[{\"@type\":\"SearchAction\",\"target\":{\"@type\":\"EntryPoint\",\"urlTemplate\":\"https:\/\/acccyprus.com\/?s={search_term_string}\"},\"query-input\":\"required name=search_term_string\"}],\"inLanguage\":\"tr\"},{\"@type\":\"WebPage\",\"@id\":\"https:\/\/acccyprus.com\/tr\/hakkimizda#webpage\",\"url\":\"https:\/\/acccyprus.com\/tr\/hakkimizda\",\"name\":\"Hakk\\u0131m\\u0131zda\",\"isPartOf\":{\"@id\":\"https:\/\/acccyprus.com\/#website\"},\"datePublished\":\"2020-09-28T09:46:18+00:00\",\"dateModified\":\"2020-10-16T09:27:10+00:00\",\"breadcrumb\":{\"@id\":\"https:\/\/acccyprus.com\/tr\/hakkimizda#breadcrumb\"},\"inLanguage\":\"tr\",\"potentialAction\":[{\"@type\":\"ReadAction\",\"target\":[\"https:\/\/acccyprus.com\/tr\/hakkimizda\"]}]},{\"@type\":\"BreadcrumbList\",\"@id\":\"https:\/\/acccyprus.com\/tr\/hakkimizda#breadcrumb\",\"itemListElement\":[{\"@type\":\"ListItem\",\"position\":1,\"name\":\"Home\",\"item\":\"https:\/\/acccyprus.com\/tr\"},{\"@type\":\"ListItem\",\"position\":2,\"name\":\"Hakk\\u0131m\\u0131zda\"}]}]}<\/script>\n<!-- \/ Yoast SEO plugin. -->","yoast_head_json":{"title":"Hakk\u0131m\u0131zda","robots":{"index":"index","follow":"follow","max-snippet":"max-snippet:-1","max-image-preview":"max-image-preview:large","max-video-preview":"max-video-preview:-1"},"canonical":"https:\/\/acccyprus.com\/tr\/hakkimizda","og_locale":"tr_TR","og_type":"article","og_title":"Hakk\u0131m\u0131zda","og_url":"https:\/\/acccyprus.com\/tr\/hakkimizda","og_site_name":"All Coin Cash Cyprus","article_modified_time":"2020-10-16T09:27:10+00:00","twitter_card":"summary_large_image","schema":{"@context":"https:\/\/schema.org","@graph":[{"@type":"Organization","@id":"https:\/\/acccyprus.com\/#organization","name":"All Coin Cash","url":"https:\/\/acccyprus.com\/","sameAs":[],"logo":{"@type":"ImageObject","@id":"https:\/\/acccyprus.com\/#logo","inLanguage":"tr","url":"https:\/\/acccyprus.com\/wp-content\/uploads\/2020\/09\/allcoincash.png","contentUrl":"https:\/\/acccyprus.com\/wp-content\/uploads\/2020\/09\/allcoincash.png","width":960,"height":960,"caption":"All Coin Cash"},"image":{"@id":"https:\/\/acccyprus.com\/#logo"}},{"@type":"WebSite","@id":"https:\/\/acccyprus.com\/#website","url":"https:\/\/acccyprus.com\/","name":"All Coin Cash Cyprus","description":"Just another WordPress site","publisher":{"@id":"https:\/\/acccyprus.com\/#organization"},"potentialAction":[{"@type":"SearchAction","target":{"@type":"EntryPoint","urlTemplate":"https:\/\/acccyprus.com\/?s={search_term_string}"},"query-input":"required name=search_term_string"}],"inLanguage":"tr"},{"@type":"WebPage","@id":"https:\/\/acccyprus.com\/tr\/hakkimizda#webpage","url":"https:\/\/acccyprus.com\/tr\/hakkimizda","name":"Hakk\u0131m\u0131zda","isPartOf":{"@id":"https:\/\/acccyprus.com\/#website"},"datePublished":"2020-09-28T09:46:18+00:00","dateModified":"2020-10-16T09:27:10+00:00","breadcrumb":{"@id":"https:\/\/acccyprus.com\/tr\/hakkimizda#breadcrumb"},"inLanguage":"tr","potentialAction":[{"@type":"ReadAction","target":["https:\/\/acccyprus.com\/tr\/hakkimizda"]}]},{"@type":"BreadcrumbList","@id":"https:\/\/acccyprus.com\/tr\/hakkimizda#breadcrumb","itemListElement":[{"@type":"ListItem","position":1,"name":"Home","item":"https:\/\/acccyprus.com\/tr"},{"@type":"ListItem","position":2,"name":"Hakk\u0131m\u0131zda"}]}]}},"_links":{"self":[{"href":"https:\/\/acccyprus.com\/tr\/wp-json\/wp\/v2\/pages\/605"}],"collection":[{"href":"https:\/\/acccyprus.com\/tr\/wp-json\/wp\/v2\/pages"}],"about":[{"href":"https:\/\/acccyprus.com\/tr\/wp-json\/wp\/v2\/types\/page"}],"author":[{"embeddable":true,"href":"https:\/\/acccyprus.com\/tr\/wp-json\/wp\/v2\/users\/1"}],"replies":[{"embeddable":true,"href":"https:\/\/acccyprus.com\/tr\/wp-json\/wp\/v2\/comments?post=605"}],"version-history":[{"count":0,"href":"https:\/\/acccyprus.com\/tr\/wp-json\/wp\/v2\/pages\/605\/revisions"}],"wp:attachment":[{"href":"https:\/\/acccyprus.com\/tr\/wp-json\/wp\/v2\/media?parent=605"}],"curies":[{"name":"wp","href":"https:\/\/api.w.org\/{rel}","templated":true}]}}